{"id":68,"date":"2022-01-21T21:52:10","date_gmt":"2022-01-21T21:52:10","guid":{"rendered":"https:\/\/summercamp.wordifysites.com\/?page_id=68"},"modified":"2022-12-07T14:41:31","modified_gmt":"2022-12-07T14:41:31","slug":"home","status":"publish","type":"page","link":"https:\/\/recursing-borg.46-229-45-18.plesk.page\/","title":{"rendered":"Home"},"content":{"rendered":"<div class=\"gb-container gb-container-6508c824 wave-bottom\" id=\"Head\"><div class=\"gb-inside-container\">\n\n<h1 class=\"has-base-2-color has-text-color wp-block-heading\" style=\"font-size:50px;font-style:normal;font-weight:600\">Stoffe und Kurzwaren<br>mit Liebe gew\u00e4hlt<\/h1>\n\n<\/div><div class=\"gb-shapes\"><div class=\"gb-shape gb-shape-1\"><svg xmlns=\"http:\/\/www.w3.org\/2000\/svg\" viewBox=\"0 0 1200 130.3\" preserveAspectRatio=\"none\"><path d=\"M0 107.9l40-22.2c40-21.9 120-66.9 200-62.2 80 4.4 160 57.8 240 53.3C560 72 640 10.4 720 1.2S880 37 960 59c80 22.3 160 22.3 200 22.3h40v49H0v-22.4z\"\/><\/svg><\/div><\/div><\/div>\n\n<div class=\"gb-container gb-container-f230f6b8\" id=\"Einleitung\"><div class=\"gb-inside-container\">\n\n<h6 class=\"gb-headline gb-headline-0533aaf0\"><span class=\"gb-icon\"><svg aria-hidden=\"true\" role=\"img\" height=\"1em\" width=\"1em\" viewBox=\"0 0 512 512\" xmlns=\"http:\/\/www.w3.org\/2000\/svg\"><path fill=\"currentColor\" d=\"M328 256c0 39.8-32.2 72-72 72s-72-32.2-72-72 32.2-72 72-72 72 32.2 72 72zm104-72c-39.8 0-72 32.2-72 72s32.2 72 72 72 72-32.2 72-72-32.2-72-72-72zm-352 0c-39.8 0-72 32.2-72 72s32.2 72 72 72 72-32.2 72-72-32.2-72-72-72z\"><\/path><\/svg><\/span><span class=\"gb-headline-text\">seit \u00fcber 40 Jahren<\/span><\/h6>\n\n\n\n<h1 class=\"gb-headline gb-headline-fe31336c gb-headline-text\">C. Riekeberg Stoffe &amp; Kurzwaren<\/h1>\n\n\n\n<p class=\"gb-headline gb-headline-d71fba1a gb-headline-text\">Seit \u00fcber 40 Jahren bin ich f\u00fcr Sie auf den Wochenm\u00e4rkten der Region zu finden. Bei mir erhalten Sie alles, was Sie zum N\u00e4hen brauchen. In guter Qualit\u00e4t und trotzdem preiswert.<\/p>\n\n<\/div><\/div>\n\n<div class=\"gb-container gb-container-f34fd762 wave-top wave-bottom\" id=\"sortiment\"><div class=\"gb-inside-container\">\n<div class=\"gb-container gb-container-0a313dec\"><div class=\"gb-inside-container\">\n\n<h2 class=\"gb-headline gb-headline-4defab2b gb-headline-text\"><\/h2>\n\n<\/div><\/div>\n\n\n<hr class=\"wp-block-separator has-text-color has-accent-3-color has-alpha-channel-opacity has-accent-3-background-color has-background\"\/>\n\n\n\n<div class=\"wp-block-columns is-layout-flex wp-container-core-columns-is-layout-9d6595d7 wp-block-columns-is-layout-flex\">\n<div class=\"wp-block-column is-layout-flow wp-block-column-is-layout-flow\" style=\"flex-basis:50%\"><div class=\"gb-container gb-container-f02e7c4c\"><div class=\"gb-inside-container\"><\/div><\/div>\n\n<div class=\"gb-container gb-container-f6742706\"><div class=\"gb-inside-container\">\n\n<h2 class=\"gb-headline gb-headline-090a3ad2 gb-headline-text\">Stoffe<\/h2>\n\n\n\n<p class=\"gb-headline gb-headline-af107613 gb-headline-text\">Jerseystoffe, B\u00fcndchenstoffe, Baumwolle-, Patchworkstoffe, Bekleidungsstoffe, Reste, Futterstoffe, Vlies zum Einlegen und B\u00fcgeln<\/p>\n\n<\/div><\/div><\/div>\n\n\n\n<div class=\"wp-block-column is-layout-flow wp-block-column-is-layout-flow\" style=\"flex-basis:50%\"><div class=\"gb-container gb-container-5c25f470\"><div class=\"gb-inside-container\"><\/div><\/div>\n\n<div class=\"gb-container gb-container-a88485cc\"><div class=\"gb-inside-container\">\n\n<h2 class=\"gb-headline gb-headline-bb896c34 gb-headline-text\">Kurzwaren<\/h2>\n\n\n\n<p class=\"gb-headline gb-headline-cbd8900e gb-headline-text\">N\u00e4hgarne, Kn\u00f6pfe, Gummib\u00e4nder, Gurtb\u00e4nder, (un)elastische Spitzen, Patches, Dekob\u00e4nder, Rei\u00dfverschl\u00fcsse, Kordeln, Nadeln, N\u00e4hmaschiennnadeln<\/p>\n\n<\/div><\/div><\/div>\n<\/div>\n\n\n\n<h3 class=\"gb-headline gb-headline-2d9b2ab2 gb-headline-text\">.. und mehr.<\/h3>\n\n<\/div><\/div>\n\n<div class=\"gb-container gb-container-33bb0fa3\" id=\"termine\"><div class=\"gb-inside-container\">\n<div class=\"gb-container gb-container-d54f81c0\"><div class=\"gb-inside-container\">\n\n<h2 class=\"gb-headline gb-headline-a44e6eb4 gb-headline-text\">So finden Sie mich\u200b<\/h2>\n\n<\/div><\/div>\n\n\n<hr class=\"wp-block-separator has-text-color has-accent-3-color has-alpha-channel-opacity has-accent-3-background-color has-background\"\/>\n\n\n\n<div class=\"wp-block-columns is-layout-flex wp-container-core-columns-is-layout-9d6595d7 wp-block-columns-is-layout-flex\">\n<div class=\"wp-block-column is-vertically-aligned-center is-layout-flow wp-block-column-is-layout-flow\" style=\"flex-basis:30%\"><div class=\"gb-container gb-container-41022d95\"><div class=\"gb-inside-container\"><\/div><\/div><\/div>\n\n\n\n<div class=\"wp-block-column is-vertically-aligned-center is-layout-flow wp-block-column-is-layout-flow\" style=\"flex-basis:50%\"><div class=\"gb-container gb-container-5f63b21b\"><div class=\"gb-inside-container\">\n\n<h5 class=\"gb-headline gb-headline-94952f83 gb-headline-text\"><strong><strong>Sie finden uns auf dem Nikolausmarkt in&nbsp;Alfeld&nbsp;am:<\/strong><\/strong><\/h5>\n\n\n\n<p class=\"gb-headline gb-headline-63aacde4 gb-headline-text\">08.12.2022<\/p>\n\n<\/div><\/div>\n\n<div class=\"gb-container gb-container-4a7bf44b\"><div class=\"gb-inside-container\">\n\n<h5 class=\"gb-headline gb-headline-853317ed gb-headline-text\"><strong><strong>Sie finden uns auf dem Weihnachtsmarkt in Gro\u00df D\u00fcngen am:<\/strong><\/strong><\/h5>\n\n\n\n<p class=\"gb-headline gb-headline-b062f9d6 gb-headline-text\">11.12.2022<\/p>\n\n<\/div><\/div>\n\n<div class=\"gb-container gb-container-847b772c\"><div class=\"gb-inside-container\">\n\n<h5 class=\"gb-headline gb-headline-3bc65f89 gb-headline-text\"><\/h5>\n\n\n\n<p class=\"gb-headline gb-headline-28222309 gb-headline-text\"><\/p>\n\n<\/div><\/div>\n\n<div class=\"gb-container gb-container-7b3da8a8\"><div class=\"gb-inside-container\">\n\n<h5 class=\"gb-headline gb-headline-0bdc1bc8 gb-headline-text\"><\/h5>\n\n\n\n<p class=\"gb-headline gb-headline-a3bafb5d gb-headline-text\"><\/p>\n\n<\/div><\/div><\/div>\n\n\n\n<div class=\"wp-block-column is-vertically-aligned-center is-layout-flow wp-block-column-is-layout-flow\" style=\"flex-basis:30%\"><div class=\"gb-container gb-container-c763f116\"><div class=\"gb-inside-container\"><\/div><\/div><\/div>\n<\/div>\n\n\n<div class=\"gb-container gb-container-4570fef1\"><div class=\"gb-inside-container\">\n\n<h2 class=\"gb-headline gb-headline-dd2e041f gb-headline-text\"><strong>Auf den M\u00e4rkten der Region:<\/strong><\/h2>\n\n\n<div class=\"gb-container gb-container-bd7b9234\"><div class=\"gb-inside-container\">\n<div class=\"gb-grid-wrapper gb-grid-wrapper-ede83dcb\">\n<div class=\"gb-grid-column gb-grid-column-89504836\"><div class=\"gb-container gb-container-89504836\"><div class=\"gb-inside-container\">\n<div class=\"gb-container gb-container-827299f5\"><div class=\"gb-inside-container\">\n\n<h5 class=\"gb-headline gb-headline-b0befc4c gb-headline-text\"><strong>Dienstag und Freitag:<\/strong><\/h5>\n\n\n\n<p class=\"gb-headline gb-headline-12e3e53e gb-headline-text\">Salzgitter-Lebenstedt, Chemnitzer Stra\u00dfe<\/p>\n\n<\/div><\/div>\n<\/div><\/div><\/div>\n\n<div class=\"gb-grid-column gb-grid-column-fb8a5a52\"><div class=\"gb-container gb-container-fb8a5a52\"><div class=\"gb-inside-container\">\n\n<h5 class=\"gb-headline gb-headline-56c3e33f gb-headline-text\"><strong>Mittwoch und Samstag:<\/strong><\/h5>\n\n\n\n<p class=\"gb-headline gb-headline-48216abb gb-headline-text\">Gifhorn, Fu\u00dfg\u00e4ngerzone Steinweg<\/p>\n\n<\/div><\/div><\/div>\n\n<div class=\"gb-grid-column gb-grid-column-6b8507c5\"><div class=\"gb-container gb-container-6b8507c5\"><div class=\"gb-inside-container\">\n\n<h5 class=\"gb-headline gb-headline-74c9e41a gb-headline-text\"><strong>Donnerstag:<\/strong><\/h5>\n\n\n\n<p class=\"gb-headline gb-headline-93a20ae0 gb-headline-text\">Hohenhameln, Marktplatz vor dem Rathaus \/ Clausthal-Zellerfeld\/ Bauernmarkt<\/p>\n\n<\/div><\/div><\/div>\n\n<div class=\"gb-grid-column gb-grid-column-df93d3e7\"><div class=\"gb-container gb-container-df93d3e7\"><div class=\"gb-inside-container\">\n\n<h5 class=\"gb-headline gb-headline-4a834aa0 gb-headline-text\">Und nach telefonsicher&nbsp;Absprache&nbsp;auch vor&nbsp;Ort.<\/h5>\n\n\n\n<h4 class=\"gb-headline gb-headline-b4fca776 gb-headline-text\">Rufen Sie mich an: &nbsp;<strong><em><a href=\"tel:+401711412771\">0171 141 2771<\/a><\/em><\/strong><\/h4>\n\n<\/div><\/div><\/div>\n<\/div>\n<\/div><\/div>\n<\/div><\/div>\n<\/div><\/div>\n\n<div class=\"gb-container gb-container-e2a36f29\" id=\"termine\"><div class=\"gb-inside-container\">\n\n<div class=\"wp-block-columns is-layout-flex wp-container-core-columns-is-layout-9d6595d7 wp-block-columns-is-layout-flex\">\n<div class=\"wp-block-column is-vertically-aligned-top is-layout-flow wp-block-column-is-layout-flow\">\n<h2 class=\"gb-headline gb-headline-0bbe93ca gb-headline-text\"><strong>Ich freue mich auf Ihre Nachricht!<\/strong><\/h2>\n\n\n\n<p class=\"gb-headline gb-headline-7e5417aa gb-headline-text\">Haben Sie Fragen zum Sortiment? Sind Sie auf der Suche nach etwas Speziellem?<br><strong>Schreiben Sie mir! Ich berate Sie gern!<\/strong><\/p>\n\n\n<div class=\"gb-container gb-container-6e211bba hide-on-tablet hide-on-mobile\"><div class=\"gb-inside-container\">\n\n<hr class=\"wp-block-separator has-text-color has-contrast-3-color has-alpha-channel-opacity has-contrast-3-background-color has-background is-style-wide\"\/>\n\n\n<div class=\"gb-grid-wrapper gb-grid-wrapper-be672d75\">\n<div class=\"gb-grid-column gb-grid-column-2daf65db\"><div class=\"gb-container gb-container-2daf65db\"><div class=\"gb-inside-container\"><\/div><\/div><\/div>\n\n<div class=\"gb-grid-column gb-grid-column-03f59030\"><div class=\"gb-container gb-container-03f59030\"><div class=\"gb-inside-container\"><\/div><\/div><\/div>\n\n<div class=\"gb-grid-column gb-grid-column-226e2f14\"><div class=\"gb-container gb-container-226e2f14\"><div class=\"gb-inside-container\"><\/div><\/div><\/div>\n\n<div class=\"gb-grid-column gb-grid-column-fa874ecd\"><div class=\"gb-container gb-container-fa874ecd\"><div class=\"gb-inside-container\"><\/div><\/div><\/div>\n\n<div class=\"gb-grid-column gb-grid-column-774a7485\"><div class=\"gb-container gb-container-774a7485\"><div class=\"gb-inside-container\"><\/div><\/div><\/div>\n<\/div>\n\n\n<hr class=\"wp-block-separator has-text-color has-contrast-3-color has-alpha-channel-opacity has-contrast-3-background-color has-background is-style-wide\"\/>\n\n<\/div><\/div><\/div>\n\n\n\n<div class=\"wp-block-column is-layout-flow wp-block-column-is-layout-flow\"><div role=\"form\" class=\"wpcf7\" id=\"wpcf7-f1003-o1\" lang=\"de-DE\" dir=\"ltr\">\n<div class=\"screen-reader-response\"><p role=\"status\" aria-live=\"polite\" aria-atomic=\"true\"><\/p> <ul><\/ul><\/div>\n<form action=\"\/index.php?rest_route=%2Fwp%2Fv2%2Fpages%2F68#wpcf7-f1003-o1\" method=\"post\" class=\"wpcf7-form init\" novalidate=\"novalidate\" data-status=\"init\">\n<div style=\"display: none;\">\n<input type=\"hidden\" name=\"_wpcf7\" value=\"1003\" \/>\n<input type=\"hidden\" name=\"_wpcf7_version\" value=\"5.6.4\" \/>\n<input type=\"hidden\" name=\"_wpcf7_locale\" value=\"de_DE\" \/>\n<input type=\"hidden\" name=\"_wpcf7_unit_tag\" value=\"wpcf7-f1003-o1\" \/>\n<input type=\"hidden\" name=\"_wpcf7_container_post\" value=\"0\" \/>\n<input type=\"hidden\" name=\"_wpcf7_posted_data_hash\" value=\"\" \/>\n<\/div>\n<div class=\"wps-form\">\n<div class=\"wps-form-row\">\n<div class=\"wps-form-column\">\n            <span class=\"wpcf7-form-control-wrap\" data-name=\"first-name\"><input type=\"text\" name=\"first-name\" value=\"\" size=\"40\" class=\"wpcf7-form-control wpcf7-text wpcf7-validates-as-required\" aria-required=\"true\" aria-invalid=\"false\" placeholder=\"Vorname\" \/><\/span>\n        <\/div>\n<div class=\"wps-form-column\">\n            <span class=\"wpcf7-form-control-wrap\" data-name=\"last-name\"><input type=\"text\" name=\"last-name\" value=\"\" size=\"40\" class=\"wpcf7-form-control wpcf7-text wpcf7-validates-as-required\" aria-required=\"true\" aria-invalid=\"false\" placeholder=\"Nachname*\" \/><\/span>\n        <\/div>\n<\/div>\n<\/div>\n<div class=\"wps-form\">\n<div class=\"wps-form-row\">\n<div class=\"wps-form-column\">\n         <span class=\"wpcf7-form-control-wrap\" data-name=\"email-7\"><input type=\"email\" name=\"email-7\" value=\"\" size=\"40\" class=\"wpcf7-form-control wpcf7-text wpcf7-email wpcf7-validates-as-required wpcf7-validates-as-email\" id=\"email\" aria-required=\"true\" aria-invalid=\"false\" placeholder=\"E-Mail Adresse*\" \/><\/span>\n         <\/div>\n<div class=\"wps-form-column\">\n         <span class=\"wpcf7-form-control-wrap\" data-name=\"tel-888\"><input type=\"tel\" name=\"tel-888\" value=\"\" size=\"40\" class=\"wpcf7-form-control wpcf7-text wpcf7-tel wpcf7-validates-as-tel\" id=\"telefon\" aria-invalid=\"false\" placeholder=\"Telefonnummer\" \/><\/span>\n         <\/div>\n<\/div>\n<\/div>\n<div class=\"wps-form\">\n<div class=\"wps-form-row\">\n<div class=\"wps-form-column\">\n         <span class=\"wpcf7-form-control-wrap\" data-name=\"your-message\"><textarea name=\"your-message\" cols=\"40\" rows=\"10\" class=\"wpcf7-form-control wpcf7-textarea\" aria-invalid=\"false\" placeholder=\"Ihre Nachricht*\"><\/textarea><\/span><br \/>\n         <em>\n<p style=\"font-size: 0.8rem; text-align: center; color: #00472d;\">Alle mit * markierte Felder sind bitte auszuf\u00fcllen<\/p>\n<p><\/em>\n        <\/div>\n<\/div>\n<\/div>\n<div class=\"wps-form\">\n<div class=\"wps-form-row\">\n<div class\"formcontroldesign\" style=\"font-size: 0.7rem; margin-right: 5%; margin-left: 5%;\">\nSie erkl\u00e4ren sich, mit dem Absenden Ihrer Nachricht, damit einverstanden, dass Ihre Daten zur Bearbeitung Ihres Anliegens verwendet werden. Informationen und Widerrufshinweise finden Sie in der <a style=\"font-weight:700; color: #00472d;\" href=\"https:\/\/faberhaftes-brennholz.de\/datenschutz\/\" target=\"https:\/\/faberhaftes-brennholz.de\/datenschutz\/\">Datenschutzerkl\u00e4rung<\/a>.\n<\/div>\n<\/div>\n<\/div>\n<div class=\"wps-form\">\n<div class=\"wps-form-row\">\n<div class=\"wps-form-column\">\n        <input type=\"submit\" value=\"Senden\" class=\"wpcf7-form-control has-spinner wpcf7-submit\" \/>\n        <\/div>\n<\/div>\n<\/div>\n<div class=\"wpcf7-response-output\" aria-hidden=\"true\"><\/div><\/form><\/div>\n<\/div>\n<\/div>\n\n<\/div><\/div>","protected":false},"excerpt":{"rendered":"<p>Stoffe und Kurzwarenmit Liebe gew\u00e4hlt seit \u00fcber 40 Jahren C. Riekeberg Stoffe &amp; Kurzwaren Seit \u00fcber 40 Jahren bin ich &#8230; <a title=\"Home\" class=\"read-more\" href=\"https:\/\/recursing-borg.46-229-45-18.plesk.page\/\" aria-label=\"Mehr zu Home\">Weiterlesen &#8230;<\/a><\/p>\n","protected":false},"author":1,"featured_media":0,"parent":0,"menu_order":1,"comment_status":"closed","ping_status":"closed","template":"","meta":{"footnotes":""},"class_list":["post-68","page","type-page","status-publish"],"_links":{"self":[{"href":"https:\/\/recursing-borg.46-229-45-18.plesk.page\/index.php?rest_route=\/wp\/v2\/pages\/68","targetHints":{"allow":["GET"]}}],"collection":[{"href":"https:\/\/recursing-borg.46-229-45-18.plesk.page\/index.php?rest_route=\/wp\/v2\/pages"}],"about":[{"href":"https:\/\/recursing-borg.46-229-45-18.plesk.page\/index.php?rest_route=\/wp\/v2\/types\/page"}],"author":[{"embeddable":true,"href":"https:\/\/recursing-borg.46-229-45-18.plesk.page\/index.php?rest_route=\/wp\/v2\/users\/1"}],"replies":[{"embeddable":true,"href":"https:\/\/recursing-borg.46-229-45-18.plesk.page\/index.php?rest_route=%2Fwp%2Fv2%2Fcomments&post=68"}],"version-history":[{"count":143,"href":"https:\/\/recursing-borg.46-229-45-18.plesk.page\/index.php?rest_route=\/wp\/v2\/pages\/68\/revisions"}],"predecessor-version":[{"id":1027,"href":"https:\/\/recursing-borg.46-229-45-18.plesk.page\/index.php?rest_route=\/wp\/v2\/pages\/68\/revisions\/1027"}],"wp:attachment":[{"href":"https:\/\/recursing-borg.46-229-45-18.plesk.page\/index.php?rest_route=%2Fwp%2Fv2%2Fmedia&parent=68"}],"curies":[{"name":"wp","href":"https:\/\/api.w.org\/{rel}","templated":true}]}}